{"id":8602,"date":"2014-09-13T09:00:53","date_gmt":"2014-09-13T07:00:53","guid":{"rendered":"https:\/\/staging.patisse.nl\/home\/"},"modified":"2023-04-06T15:47:03","modified_gmt":"2023-04-06T13:47:03","slug":"home","status":"publish","type":"page","link":"https:\/\/staging.patisse.nl\/de\/","title":{"rendered":"HOME"},"content":{"rendered":"\n\n\t\t\t<img decoding=\"async\" loading='false' src=\"https:\/\/staging.patisse.nl\/wp-content\/uploads\/Patisse-header-1.jpg\" alt=\"\" \/>\t\t\t\n\t\t\t\t<h2>Wilkommen bei Patisse bij Patisse<\/h2><p>Hersteller von Qualit\u00e4tsbackformen<\/p>\n\t\t\t<img decoding=\"async\" loading='false' src=\"https:\/\/staging.patisse.nl\/wp-content\/uploads\/Patisse-header-2.jpg\" alt=\"\" \/>\t\t\t\n\t\t\t\t<h2>Wilkommen bei Patisse bij Patisse<\/h2><p>Hersteller von Qualit\u00e4tsbackformen<\/p>\n\t\t\t<img decoding=\"async\" loading='false' src=\"https:\/\/staging.patisse.nl\/wp-content\/uploads\/Patisse-Header-3.jpg\" alt=\"\" \/>\t\t\t\n\t\t\t\t<h2>Wilkommen bei Patisse bij Patisse<\/h2><p>Hersteller von Qualit\u00e4tsbackformen<\/p>\n\t<p>Das Programm bedient eine breite Skala verschiedener Backformen Qualit\u00e4ten. Das ist einer der Gr\u00fcnde, weshalb Patisse ein so begehrter Partner f\u00fcr Abnehmer in allen Marktsegmenten ist. Patisse ist ebenso begehrt als Produzent f\u00fcr &#8222;Privat-Label&#8220;. Wir begleiten unsere Partner kreativ, innovativ und praxisbezogen. Deshalb z\u00e4hlen viele international bekannte Unternehmen zu unserem Kundenkreis.<\/p>\n\t<p>Die Philosophie die hinter Allem steht ist ein Qualit\u00e4ts-Angebot zu f\u00e4iren Preisen vorzuhalten und den Markt immer wieder mit einer Vielfalt von Produktentwicklungen, oder Innovationen zu \u00fcberraschen. Kontinuit\u00e4t, Flexibilit\u00e4t und Zuverl\u00e4ssigkeit sind Kernbegriffe innerhalb der gesamten Patisse-Organisation.<\/p>\n\t<h2>Unsere Produkte<\/h2>\n\t<meta itemscope itemprop=\"mainEntityOfPage\" itemtype=\"https:\/\/schema.org\/WebPage\" itemid=\"https:\/\/staging.patisse.nl\/de\/patisse-product\/springvorm-2\/\" content=\"Springvorm\" \/><meta itemprop=\"datePublished\" content=\"2022-05-20\" \/><meta itemprop=\"dateModified\" content=\"2022-07-07\" \/><meta itemprop=\"name\" content=\"Patisse\"\/><meta itemprop=\"url\" content=\"https:\/\/staging.patisse.nl\/de\/author\/bestpoint\/\" \/><meta itemprop=\"name\" content=\"bestpoint\" \/><meta itemprop=\"url\" content=\"https:\/\/staging.patisse.nl\/wp-content\/uploads\/02823.jpg\" \/><meta itemprop=\"width\" content=\"1024\" \/><meta itemprop=\"height\" content=\"1024\" \/><meta itemprop=\"interactionType\" content=\"https:\/\/schema.org\/CommentAction\" \/><meta itemprop=\"userInteractionCount\" content=\"0\" \/>\n\t\t\t\t\t<a href=\"https:\/\/staging.patisse.nl\/de\/patisse-product\/springvorm-2\/\" title=\"Springvorm\"><\/a>\n\t\t\t\t<img loading=\"lazy\" decoding=\"async\" src=\"https:\/\/staging.patisse.nl\/wp-content\/uploads\/02823-382x382.jpg\" alt=\"Springvorm\" itemprop=\"image\" data-no-lazy=\"1\" height=\"382\" width=\"382\" title=\"Springvorm\" onerror=\"this.style.display='none'\"  \/>\n\t\t\t\t\t\t\t\t\t<h4 itemprop=\"headline\">\n\t\t\t\t\t\t\t\t\t\t\t\t\t\tSpringvorm\t\t\t\t\t\t\t\t\t\t\t<\/h4>\n\t<meta itemscope itemprop=\"mainEntityOfPage\" itemtype=\"https:\/\/schema.org\/WebPage\" itemid=\"https:\/\/staging.patisse.nl\/de\/patisse-product\/springvorm-3\/\" content=\"Springvorm\" \/><meta itemprop=\"datePublished\" content=\"2022-05-20\" \/><meta itemprop=\"dateModified\" content=\"2022-07-07\" \/><meta itemprop=\"name\" content=\"Patisse\"\/><meta itemprop=\"url\" content=\"https:\/\/staging.patisse.nl\/de\/author\/bestpoint\/\" \/><meta itemprop=\"name\" content=\"bestpoint\" \/><meta itemprop=\"url\" content=\"https:\/\/staging.patisse.nl\/wp-content\/uploads\/02921.jpg\" \/><meta itemprop=\"width\" content=\"1024\" \/><meta itemprop=\"height\" content=\"1024\" \/><meta itemprop=\"interactionType\" content=\"https:\/\/schema.org\/CommentAction\" \/><meta itemprop=\"userInteractionCount\" content=\"0\" \/>\n\t\t\t\t\t<a href=\"https:\/\/staging.patisse.nl\/de\/patisse-product\/springvorm-3\/\" title=\"Springvorm\"><\/a>\n\t\t\t\t<img loading=\"lazy\" decoding=\"async\" src=\"https:\/\/staging.patisse.nl\/wp-content\/uploads\/02921-382x382.jpg\" alt=\"Springvorm\" itemprop=\"image\" data-no-lazy=\"1\" height=\"382\" width=\"382\" title=\"Springvorm\" onerror=\"this.style.display='none'\"  \/>\n\t\t\t\t\t\t\t\t\t<h4 itemprop=\"headline\">\n\t\t\t\t\t\t\t\t\t\t\t\t\t\tSpringvorm\t\t\t\t\t\t\t\t\t\t\t<\/h4>\n\t<meta itemscope itemprop=\"mainEntityOfPage\" itemtype=\"https:\/\/schema.org\/WebPage\" itemid=\"https:\/\/staging.patisse.nl\/de\/patisse-product\/springvorm-5\/\" content=\"Springvorm\" \/><meta itemprop=\"datePublished\" content=\"2022-05-20\" \/><meta itemprop=\"dateModified\" content=\"2022-07-08\" \/><meta itemprop=\"name\" content=\"Patisse\"\/><meta itemprop=\"url\" content=\"https:\/\/staging.patisse.nl\/de\/author\/bestpoint\/\" \/><meta itemprop=\"name\" content=\"bestpoint\" \/><meta itemprop=\"url\" content=\"https:\/\/staging.patisse.nl\/wp-content\/uploads\/03611.jpg\" \/><meta itemprop=\"width\" content=\"1024\" \/><meta itemprop=\"height\" content=\"1024\" \/><meta itemprop=\"interactionType\" content=\"https:\/\/schema.org\/CommentAction\" \/><meta itemprop=\"userInteractionCount\" content=\"0\" \/>\n\t\t\t\t\t<a href=\"https:\/\/staging.patisse.nl\/de\/patisse-product\/springvorm-5\/\" title=\"Springvorm\"><\/a>\n\t\t\t\t<img loading=\"lazy\" decoding=\"async\" src=\"https:\/\/staging.patisse.nl\/wp-content\/uploads\/03611-382x382.jpg\" alt=\"Springvorm\" itemprop=\"image\" data-no-lazy=\"1\" height=\"382\" width=\"382\" title=\"Springvorm\" onerror=\"this.style.display='none'\"  \/>\n\t\t\t\t\t\t\t\t\t<h4 itemprop=\"headline\">\n\t\t\t\t\t\t\t\t\t\t\t\t\t\tSpringvorm\t\t\t\t\t\t\t\t\t\t\t<\/h4>\n\t<meta itemscope itemprop=\"mainEntityOfPage\" itemtype=\"https:\/\/schema.org\/WebPage\" itemid=\"https:\/\/staging.patisse.nl\/de\/patisse-product\/springvorm\/\" content=\"Springvorm\" \/><meta itemprop=\"datePublished\" content=\"2022-05-20\" \/><meta itemprop=\"dateModified\" content=\"2022-07-08\" \/><meta itemprop=\"name\" content=\"Patisse\"\/><meta itemprop=\"url\" content=\"https:\/\/staging.patisse.nl\/de\/author\/bestpoint\/\" \/><meta itemprop=\"name\" content=\"bestpoint\" \/><meta itemprop=\"url\" content=\"https:\/\/staging.patisse.nl\/wp-content\/uploads\/02610.jpg\" \/><meta itemprop=\"width\" content=\"1024\" \/><meta itemprop=\"height\" content=\"1024\" \/><meta itemprop=\"interactionType\" content=\"https:\/\/schema.org\/CommentAction\" \/><meta itemprop=\"userInteractionCount\" content=\"0\" \/>\n\t\t\t\t\t<a href=\"https:\/\/staging.patisse.nl\/de\/patisse-product\/springvorm\/\" title=\"Springvorm\"><\/a>\n\t\t\t\t<img loading=\"lazy\" decoding=\"async\" src=\"https:\/\/staging.patisse.nl\/wp-content\/uploads\/02610-382x382.jpg\" alt=\"Springvorm\" itemprop=\"image\" data-no-lazy=\"1\" height=\"382\" width=\"382\" title=\"Springvorm\" onerror=\"this.style.display='none'\"  \/>\n\t\t\t\t\t\t\t\t\t<h4 itemprop=\"headline\">\n\t\t\t\t\t\t\t\t\t\t\t\t\t\tSpringvorm\t\t\t\t\t\t\t\t\t\t\t<\/h4>\n\t<meta itemscope itemprop=\"mainEntityOfPage\" itemtype=\"https:\/\/schema.org\/WebPage\" itemid=\"https:\/\/staging.patisse.nl\/de\/patisse-product\/uitsteekvorm-rvs-hart\/\" content=\"Uitsteekvorm rvs hart\" \/><meta itemprop=\"datePublished\" content=\"2022-05-20\" \/><meta itemprop=\"dateModified\" content=\"2022-07-08\" \/><meta itemprop=\"name\" content=\"Patisse\"\/><meta itemprop=\"url\" content=\"https:\/\/staging.patisse.nl\/de\/author\/bestpoint\/\" \/><meta itemprop=\"name\" content=\"bestpoint\" \/><meta itemprop=\"url\" content=\"https:\/\/staging.patisse.nl\/wp-content\/uploads\/01942.jpg\" \/><meta itemprop=\"width\" content=\"945\" \/><meta itemprop=\"height\" content=\"945\" \/><meta itemprop=\"interactionType\" content=\"https:\/\/schema.org\/CommentAction\" \/><meta itemprop=\"userInteractionCount\" content=\"0\" \/>\n\t\t\t\t\t<a href=\"https:\/\/staging.patisse.nl\/de\/patisse-product\/uitsteekvorm-rvs-hart\/\" title=\"Uitsteekvorm rvs hart\"><\/a>\n\t\t\t\t<img loading=\"lazy\" decoding=\"async\" src=\"https:\/\/staging.patisse.nl\/wp-content\/uploads\/01942-382x382.jpg\" alt=\"Uitsteekvorm rvs hart\" itemprop=\"image\" data-no-lazy=\"1\" height=\"382\" width=\"382\" title=\"Uitsteekvorm rvs hart\" onerror=\"this.style.display='none'\"  \/>\n\t\t\t\t\t\t\t\t\t<h4 itemprop=\"headline\">\n\t\t\t\t\t\t\t\t\t\t\t\t\t\tUitsteekvorm rvs hart\t\t\t\t\t\t\t\t\t\t\t<\/h4>\n\t<meta itemscope itemprop=\"mainEntityOfPage\" itemtype=\"https:\/\/schema.org\/WebPage\" itemid=\"https:\/\/staging.patisse.nl\/de\/patisse-product\/taartvorm-7\/\" content=\"Taartvorm\" \/><meta itemprop=\"datePublished\" content=\"2022-05-22\" \/><meta itemprop=\"dateModified\" content=\"2022-07-08\" \/><meta itemprop=\"name\" content=\"Patisse\"\/><meta itemprop=\"url\" content=\"https:\/\/staging.patisse.nl\/de\/author\/bestpoint\/\" \/><meta itemprop=\"name\" content=\"bestpoint\" \/><meta itemprop=\"url\" content=\"https:\/\/staging.patisse.nl\/wp-content\/uploads\/19612.jpg\" \/><meta itemprop=\"width\" content=\"1024\" \/><meta itemprop=\"height\" content=\"1024\" \/><meta itemprop=\"interactionType\" content=\"https:\/\/schema.org\/CommentAction\" \/><meta itemprop=\"userInteractionCount\" content=\"0\" \/>\n\t\t\t\t\t<a href=\"https:\/\/staging.patisse.nl\/de\/patisse-product\/taartvorm-7\/\" title=\"Taartvorm\"><\/a>\n\t\t\t\t<img loading=\"lazy\" decoding=\"async\" src=\"https:\/\/staging.patisse.nl\/wp-content\/uploads\/19612-382x382.jpg\" alt=\"Taartvorm\" itemprop=\"image\" data-no-lazy=\"1\" height=\"382\" width=\"382\" title=\"Taartvorm\" onerror=\"this.style.display='none'\"  \/>\n\t\t\t\t\t\t\t\t\t<h4 itemprop=\"headline\">\n\t\t\t\t\t\t\t\t\t\t\t\t\t\tTaartvorm\t\t\t\t\t\t\t\t\t\t\t<\/h4>\n\t\t<!-- .pp-content-posts -->\n\t\t\t<a href=\"https:\/\/staging.patisse.nl\/de\/produkt-kategorien\/\" target=\"_self\" role=\"button\" rel=\"noopener\">\n\t\t\t\t\t\t\tZu unseren Produkten\n\t\t\t\t\t<\/a>\n\n","protected":false},"excerpt":{"rendered":"<p>Wilkommen bei Patisse bij Patisse Hersteller von Qualit\u00e4tsbackformen Wilkommen bei Patisse bij Patisse Hersteller von Qualit\u00e4tsbackformen Wilkommen bei Patisse bij Patisse Hersteller von Qualit\u00e4tsbackformen Das Programm bedient eine breite Skala verschiedener Backformen Qualit\u00e4ten. Das ist einer der Gr\u00fcnde, weshalb Patisse ein so begehrter Partner f\u00fcr Abnehmer in allen Marktsegmenten ist. Patisse ist ebenso begehrt als&hellip;<\/p>\n","protected":false},"author":1,"featured_media":5693,"parent":0,"menu_order":0,"comment_status":"open","ping_status":"open","template":"","meta":{"footnotes":""},"class_list":["post-8602","page","type-page","status-publish","has-post-thumbnail","hentry"],"_links":{"self":[{"href":"https:\/\/staging.patisse.nl\/de\/wp-json\/wp\/v2\/pages\/8602","targetHints":{"allow":["GET"]}}],"collection":[{"href":"https:\/\/staging.patisse.nl\/de\/wp-json\/wp\/v2\/pages"}],"about":[{"href":"https:\/\/staging.patisse.nl\/de\/wp-json\/wp\/v2\/types\/page"}],"author":[{"embeddable":true,"href":"https:\/\/staging.patisse.nl\/de\/wp-json\/wp\/v2\/users\/1"}],"replies":[{"embeddable":true,"href":"https:\/\/staging.patisse.nl\/de\/wp-json\/wp\/v2\/comments?post=8602"}],"version-history":[{"count":0,"href":"https:\/\/staging.patisse.nl\/de\/wp-json\/wp\/v2\/pages\/8602\/revisions"}],"wp:featuredmedia":[{"embeddable":true,"href":"https:\/\/staging.patisse.nl\/de\/wp-json\/wp\/v2\/media\/5693"}],"wp:attachment":[{"href":"https:\/\/staging.patisse.nl\/de\/wp-json\/wp\/v2\/media?parent=8602"}],"curies":[{"name":"wp","href":"https:\/\/api.w.org\/{rel}","templated":true}]}}